{"id":15578,"date":"2026-02-23T23:50:32","date_gmt":"2026-02-23T22:50:32","guid":{"rendered":"https:\/\/militaerverlag.de\/?post_type=product&#038;p=15578"},"modified":"2026-04-25T04:01:27","modified_gmt":"2026-04-25T02:01:27","slug":"trump-und-die-neue-weltordnung","status":"publish","type":"product","link":"https:\/\/militaerverlag.de\/?product=trump-und-die-neue-weltordnung","title":{"rendered":"Trump und die neue Weltordnung"},"content":{"rendered":"<p>Der aktuelle US-Pr\u00e4sident verst\u00f6rt seine Verb\u00fcndeten. Man nennt ihn und seine Politik &#8222;erratisch&#8220;, um Trump nicht f\u00fcr verr\u00fcckt zu erkl\u00e4ren. Auf alle F\u00e4lle h\u00e4lt man ihn f\u00fcr einen Betriebsunfall, der schon nach der n\u00e4chsten Wahl repariert werden wird. Das ist ein fataler Denkfehler, wie der renommierte Politikwissenschaftler Crome nachweist. Mit Trump hat sich in der USA eine Str\u00f6mung in der herrschenden Klasse durchgesetzt, die mit der globalistischen Au\u00dfenpolitik der Vorg\u00e4ngerregierungen brach. Man will nicht mehr Weltgendarm sein und sich \u00fcberall milit\u00e4risch f\u00fcr &#8222;freedom and democrazy&#8220; engagieren. Man will sich mit den anderen Gro\u00dfm\u00e4chten arrangieren, um sich nicht in langwierigen Kriegen (Afghanistan, Ukraine) zu verzetteln und sinnlos Geld verpulvern. Man will mit anderen Mitteln sich als Nr. 1 der Welt behaupten. Das kann man als R\u00fcckkehr zu einer realistischeren Au\u00dfenpolitik nennen. Washington stellt jedenfalls die Weichen f\u00fcr eine Ver\u00e4nderung der bisher geltenden Weltordnung, die am Ende vielleicht nur noch drei Polen haben wird: die USA, Russland und China. Europa findet in dieser Welt vielleicht nur noch peripher statt, weil man der untergehenden alten Weltordnung zu lange nachgetrauert und die Zeichen der Zeit nicht verstanden hat.<\/p>\n<p>ISBN\/EAN: 9783327100196<br \/>\n1. Auflage 2026<br \/>\nErscheinungstermin: 24.04.2026<br \/>\nSprache: deutsch<\/p>\n<p><a href=\"mailto:handel@militaerverlag.de?subject=Buchhandelsbestellung%209783327100196%20Trump%20und%20die%20neue%20Weltordnung&amp;body=Bitte%20geben%20Sie%20bei%20jeder%20Bestellung%20unbedingt%20Ihre%20Verkehrsnummer%20an!\" target=\"_blank\" rel=\"noopener\">Das Buch als H\u00e4ndler beim Verlag bestellen<\/a><\/p>\n<p><a title=\"Buch bei buchhandel.de (neues Fenster)\" href=\"https:\/\/buchhandel.de\/buch\/9783327100196\" target=\"_blank\" rel=\"noopener\">Das Buch bei buchhandel.de<\/a><\/p>\n","protected":false},"excerpt":{"rendered":"<h3>Untersuchung des aktuellen Zustands<\/h3>\n<h4>Erscheint im April 2026<\/h4>\n<p>Das Konterfei Benjamin Franklins ziert die 100-Dollar-Note. Er war einer derjenigen, die vor 250 Jahren die Unabh\u00e4ngigkeitserkl\u00e4rung der USA unterzeichneten. Diese Erkl\u00e4rung ver\u00e4nderte die Welt.<br \/>\nAuch der jetzige US-Pr\u00e4sident Donald Trump beabsichtigt das. Die verst\u00f6rten Verb\u00fcndeten halten ihn f\u00fcr einen Betriebsunfall. Sie begreifen nicht, dass es sich bei seinem Bruch mit der globalistischen Au\u00dfenpolitik der fr\u00fcheren US-Regierungen keineswegs um Machtspiele eines Irren handelt, sondern um die Strategie wichtiger Kr\u00e4fte der herrschenden Klasse in den USA. Sie wollen sich nicht in langwierigen Kriegen verzetteln, wie in Vietnam und Afghanistan oder wie Putin in der Ukraine. Sie wollen auf andere Weise ihren Platz als Nr. 1 in der Welt behaupten.<br \/>\nDer renommierte Politikwissenschaftler Crome hat untersucht, welche Schritte unternommen wurden und wie weit Washington dabei kam.<\/p>\n<p>ISBN: 978-3-327-10019-6<br \/>\n1. Auflage 2026<br \/>\n162 Seiten, 21 cm, brosch.<\/p>\n","protected":false},"featured_media":15579,"comment_status":"open","ping_status":"closed","template":"","meta":[],"product_brand":[],"product_cat":[187],"product_tag":[189],"class_list":{"0":"post-15578","1":"product","2":"type-product","3":"status-publish","4":"has-post-thumbnail","6":"product_cat-erhard-crome","7":"product_tag-sicherheitspolitik","9":"first","10":"instock","11":"taxable","12":"shipping-taxable","13":"purchasable","14":"product-type-simple"},"_links":{"self":[{"href":"https:\/\/militaerverlag.de\/index.php?rest_route=\/wp\/v2\/product\/15578","targetHints":{"allow":["GET"]}}],"collection":[{"href":"https:\/\/militaerverlag.de\/index.php?rest_route=\/wp\/v2\/product"}],"about":[{"href":"https:\/\/militaerverlag.de\/index.php?rest_route=\/wp\/v2\/types\/product"}],"replies":[{"embeddable":true,"href":"https:\/\/militaerverlag.de\/index.php?rest_route=%2Fwp%2Fv2%2Fcomments&post=15578"}],"wp:featuredmedia":[{"embeddable":true,"href":"https:\/\/militaerverlag.de\/index.php?rest_route=\/wp\/v2\/media\/15579"}],"wp:attachment":[{"href":"https:\/\/militaerverlag.de\/index.php?rest_route=%2Fwp%2Fv2%2Fmedia&parent=15578"}],"wp:term":[{"taxonomy":"product_brand","embeddable":true,"href":"https:\/\/militaerverlag.de\/index.php?rest_route=%2Fwp%2Fv2%2Fproduct_brand&post=15578"},{"taxonomy":"product_cat","embeddable":true,"href":"https:\/\/militaerverlag.de\/index.php?rest_route=%2Fwp%2Fv2%2Fproduct_cat&post=15578"},{"taxonomy":"product_tag","embeddable":true,"href":"https:\/\/militaerverlag.de\/index.php?rest_route=%2Fwp%2Fv2%2Fproduct_tag&post=15578"}],"curies":[{"name":"wp","href":"https:\/\/api.w.org\/{rel}","templated":true}]}}