{"id":15571,"date":"2026-02-06T13:10:10","date_gmt":"2026-02-06T12:10:10","guid":{"rendered":"https:\/\/militaerverlag.de\/?post_type=product&#038;p=15571"},"modified":"2026-02-06T13:16:48","modified_gmt":"2026-02-06T12:16:48","slug":"freistaat-wald-utopia-2025","status":"publish","type":"product","link":"https:\/\/militaerverlag.de\/?product=freistaat-wald-utopia-2025","title":{"rendered":"Freistaat Wald. Utopia 2025"},"content":{"rendered":"<p>F\u00fcnf Menschen ohne Dach \u00fcberm Kopf und ohne Perspektive. Das Leben hat sie unter eine Br\u00fccke am Stadtrand gespuckt, die Gesellschaft sie ausgeschieden. Die Not hat sie zusammengef\u00fchrt. Drei Frauen, zwei M\u00e4nner. Der eine wei\u00df, der andere schwarz, vom Alter her wie Vater und Sohn. Die J\u00fcngste wurde in Sibirien geboren, die beiden anderen Frauen stammen aus Frankreich und von jenseits des Ozeans, aus den USA.<br \/>\nSie packen ihre sieben Sachen, brechen auf. Verschwinden. Sie wollen nicht mehr um Almosen betteln. Weder auf den Stra\u00dfen noch auf den \u00c4mtern. Sie verlassen die Verh\u00e4ltnisse und die Stadt. Und begeben sich auf die Suche nach einem Ort, der sie leben l\u00e4sst \u2026<br \/>\nThomas Bachmann entwickelt in seinem Roman eine Alternative zum \u00bbnormalen Leben\u00ab in Mitteleuropa anno 2025. Lebenskundig und fantastisch, ernsthaft und dennoch heiter. Ein sch\u00f6ner, vielleicht sogar realistischer Traum.<\/p>\n<p>ISBN\/EAN: 9783327100189<br \/>\n1. Auflage 2026<br \/>\nErscheinungstermin: 05.02.2026<br \/>\nSprache: deutsch<\/p>\n<p><a href=\"mailto:handel@militaerverlag.de?subject=Buchhandelsbestellung%209783327100189%20Freistaat%20Wald.%20Utopia%202025&amp;body=Bitte%20geben%20Sie%20bei%20jeder%20Bestellung%20unbedingt%20Ihre%20Verkehrsnummer%20an!\" target=\"_blank\" rel=\"noopener\">Das Buch als H\u00e4ndler beim Verlag bestellen<\/a><\/p>\n<p><a title=\"Buch bei buchhandel.de (neues Fenster)\" href=\"https:\/\/buchhandel.de\/buch\/9783327100189\"  target=\"_blank\" rel=\"noopener\">Das Buch bei buchhandel.de<\/a><\/p>\n","protected":false},"excerpt":{"rendered":"<h3>Roman<\/h3>\n<p>F\u00fcnf Menschen ohne Dach \u00fcberm Kopf und ohne Perspektive. Das Leben hat sie unter eine Br\u00fccke am Stadtrand gespuckt, die Gesellschaft sie ausgeschieden. Die Not hat sie zusammengef\u00fchrt. Drei Frauen, zwei M\u00e4nner. Der eine wei\u00df, der andere schwarz, vom Alter her wie Vater und Sohn. Die J\u00fcngste wurde in Sibirien geboren, die beiden anderen Frauen stammen aus Frankreich und von jenseits des Ozeans, aus den USA.<br \/>\nSie packen ihre sieben Sachen, brechen auf. Verschwinden. Sie wollen nicht mehr um Almosen betteln. Weder auf den Stra\u00dfen noch auf den \u00c4mtern. Sie verlassen die Verh\u00e4ltnisse und die Stadt. \u2026<\/p>\n<p>ISBN: 978-3-327-10018-9<br \/>\n1. Auflage 2026<br \/>\n228 Seiten, 21 cm, brosch.<\/p>\n","protected":false},"featured_media":15572,"comment_status":"open","ping_status":"closed","template":"","meta":[],"product_brand":[175],"product_cat":[186],"product_tag":[],"class_list":{"0":"post-15571","1":"product","2":"type-product","3":"status-publish","4":"has-post-thumbnail","6":"product_brand-deutscher-militaerverlag","7":"product_cat-thomas-bachmann","9":"first","10":"instock","11":"taxable","12":"shipping-taxable","13":"purchasable","14":"product-type-simple"},"_links":{"self":[{"href":"https:\/\/militaerverlag.de\/index.php?rest_route=\/wp\/v2\/product\/15571","targetHints":{"allow":["GET"]}}],"collection":[{"href":"https:\/\/militaerverlag.de\/index.php?rest_route=\/wp\/v2\/product"}],"about":[{"href":"https:\/\/militaerverlag.de\/index.php?rest_route=\/wp\/v2\/types\/product"}],"replies":[{"embeddable":true,"href":"https:\/\/militaerverlag.de\/index.php?rest_route=%2Fwp%2Fv2%2Fcomments&post=15571"}],"wp:featuredmedia":[{"embeddable":true,"href":"https:\/\/militaerverlag.de\/index.php?rest_route=\/wp\/v2\/media\/15572"}],"wp:attachment":[{"href":"https:\/\/militaerverlag.de\/index.php?rest_route=%2Fwp%2Fv2%2Fmedia&parent=15571"}],"wp:term":[{"taxonomy":"product_brand","embeddable":true,"href":"https:\/\/militaerverlag.de\/index.php?rest_route=%2Fwp%2Fv2%2Fproduct_brand&post=15571"},{"taxonomy":"product_cat","embeddable":true,"href":"https:\/\/militaerverlag.de\/index.php?rest_route=%2Fwp%2Fv2%2Fproduct_cat&post=15571"},{"taxonomy":"product_tag","embeddable":true,"href":"https:\/\/militaerverlag.de\/index.php?rest_route=%2Fwp%2Fv2%2Fproduct_tag&post=15571"}],"curies":[{"name":"wp","href":"https:\/\/api.w.org\/{rel}","templated":true}]}}