{"id":15560,"date":"2025-11-27T16:07:37","date_gmt":"2025-11-27T15:07:37","guid":{"rendered":"https:\/\/militaerverlag.de\/?post_type=product&#038;p=15560"},"modified":"2026-02-06T13:12:45","modified_gmt":"2026-02-06T12:12:45","slug":"von-nakfa-nach-nakfa","status":"publish","type":"product","link":"https:\/\/militaerverlag.de\/?product=von-nakfa-nach-nakfa","title":{"rendered":"Von Nakfa nach Nakfa"},"content":{"rendered":"<p>Eritrea ist das Kuba Afrikas, hei\u00dft es.<br \/>\nDas Land am Roten Meer k\u00e4mpfte drei\u00dfig Jahre f\u00fcr seine Unabh\u00e4ngigkeit. Es geh\u00f6rte zum Osmanischen Reich, dann wurde es eine Kolonie Italiens und schlie\u00dflich eine Provinz \u00c4thiopiens. 1991 siegte, ganz auf sich allein gestellt, die Eritreische Volksbefreiungsfront. In einer von der UNO \u00fcberwachten Volksabstimmung votierte nahezu die gesamte Bev\u00f6lkerung, fast vier Millionen Menschen, f\u00fcr einen eigenen Staat. Dieser ist nur wenig gr\u00f6\u00dfer als es die DDR war.<br \/>\nObgleich Eritrea arm ist, woran nicht zuletzt die milit\u00e4rischen Konflikte mit \u00c4thiopien urs\u00e4chlich sind, hat es ein gutes Gesundheits- und Bildungswesen aufgebaut.<br \/>\nDer Arzt Tekeste Fekadu beschreibt deren Anf\u00e4nge. Er war zwischen 1976 und 1979 an der Front und k\u00e4mpfte mit Skalpell und Stethoskop f\u00fcr ein unabh\u00e4ngiges Eritrea. Seine plastischen Schilderungen vermitteln einen Eindruck, unter welch uns\u00e4glichen, einmaligen Bedingungen sich ein Volk seiner kolonialen Fesseln entledigte.<\/p>\n<p>ISBN\/EAN: 9783327100059<br \/>\n1. Auflage 2026<br \/>\nSprache: deutsch<\/p>\n<p><a href=\"mailto:handel@militaerverlag.de?subject=Buchhandelsbestellung%209783327100059%20Von%20Nakfa%20nach%20Nakfa&amp;body=Bitte%20geben%20Sie%20bei%20jeder%20Bestellung%20unbedingt%20Ihre%20Verkehrsnummer%20an!\" target=\"_blank\" rel=\"noopener\">Das Buch als H\u00e4ndler beim Verlag bestellen<\/a><\/p>\n<p><a title=\"Buch bei buchhandel.de (neues Fenster)\" href=\"https:\/\/buchhandel.de\/buch\/9783327100059\"  target=\"_blank\" rel=\"noopener\">Das Buch bei buchhandel.de<\/a><\/p>\n<p><a title=\"Katalogseite der Deutschen Nationalbibliothek (neues Fenster)\" href=\"https:\/\/d-nb.info\/1382689748\" target=\"_blank\" rel=\"noopener\">Das Buch im Katalog der Deutschen Nationalbibliothek<\/a><\/p>\n","protected":false},"excerpt":{"rendered":"<h3>Der Kampf Eritreas um seine Unabh\u00e4ngigkeit 1976-1979<\/h3>\n<p>Eritrea sei das Kuba Afrikas, sagt man. Drei\u00dfig Jahre lang k\u00e4mpfte das Land am Roten Meer f\u00fcr seine Unabh\u00e4ngigkeit. Es geh\u00f6rte zum Osmanischen Reich, dann wurde es eine Kolonie Italiens und schlie\u00dflich eine Provinz \u00c4thiopiens. 1991 siegte die Eritreische Volksbefreiungsfront; in der anschlie\u00dfenden Volksabstimmung votierte nahezu die gesamte Bev\u00f6lkerung f\u00fcr den eigenen Staat. Obgleich Eritrea arm ist, hat es ein gutes Gesundheits- und ein exzellentes Bildungswesen aufgebaut. Dr. Tekeste Fekadu beschreibt deren Anf\u00e4nge. Der Arzt war zwischen 1976 und 1979 an der Front. Seine plastischen Schilderungen vermitteln einen Eindruck, unter welchen Bedingungen sich sein Volk der kolonialen Fesseln entledigte.<\/p>\n<p>ISBN: 978-3-327-10005-9<br \/>\n1. Auflage 2026<br \/>\n352 Seiten, 21 cm, brosch.<\/p>\n","protected":false},"featured_media":15566,"comment_status":"open","ping_status":"closed","template":"","meta":[],"product_brand":[175],"product_cat":[185],"product_tag":[],"class_list":{"0":"post-15560","1":"product","2":"type-product","3":"status-publish","4":"has-post-thumbnail","6":"product_brand-deutscher-militaerverlag","7":"product_cat-tekeste-fekadu","9":"first","10":"instock","11":"taxable","12":"shipping-taxable","13":"purchasable","14":"product-type-simple"},"_links":{"self":[{"href":"https:\/\/militaerverlag.de\/index.php?rest_route=\/wp\/v2\/product\/15560","targetHints":{"allow":["GET"]}}],"collection":[{"href":"https:\/\/militaerverlag.de\/index.php?rest_route=\/wp\/v2\/product"}],"about":[{"href":"https:\/\/militaerverlag.de\/index.php?rest_route=\/wp\/v2\/types\/product"}],"replies":[{"embeddable":true,"href":"https:\/\/militaerverlag.de\/index.php?rest_route=%2Fwp%2Fv2%2Fcomments&post=15560"}],"wp:featuredmedia":[{"embeddable":true,"href":"https:\/\/militaerverlag.de\/index.php?rest_route=\/wp\/v2\/media\/15566"}],"wp:attachment":[{"href":"https:\/\/militaerverlag.de\/index.php?rest_route=%2Fwp%2Fv2%2Fmedia&parent=15560"}],"wp:term":[{"taxonomy":"product_brand","embeddable":true,"href":"https:\/\/militaerverlag.de\/index.php?rest_route=%2Fwp%2Fv2%2Fproduct_brand&post=15560"},{"taxonomy":"product_cat","embeddable":true,"href":"https:\/\/militaerverlag.de\/index.php?rest_route=%2Fwp%2Fv2%2Fproduct_cat&post=15560"},{"taxonomy":"product_tag","embeddable":true,"href":"https:\/\/militaerverlag.de\/index.php?rest_route=%2Fwp%2Fv2%2Fproduct_tag&post=15560"}],"curies":[{"name":"wp","href":"https:\/\/api.w.org\/{rel}","templated":true}]}}