{"id":15556,"date":"2025-11-17T00:50:03","date_gmt":"2025-11-16T23:50:03","guid":{"rendered":"https:\/\/militaerverlag.de\/?post_type=product&#038;p=15556"},"modified":"2025-11-17T00:50:03","modified_gmt":"2025-11-16T23:50:03","slug":"die-sowjetunion-atlantis-des-20-jahrhunderts","status":"publish","type":"product","link":"https:\/\/militaerverlag.de\/?product=die-sowjetunion-atlantis-des-20-jahrhunderts","title":{"rendered":"Die Sowjetunion. Atlantis des 20. Jahrhunderts"},"content":{"rendered":"<p>Regula Heusser-Markun arbeitete bereits in der Redaktion der Neuen Z\u00fcrcher Zeitung, als sie die Sowjetunion im Jahr 1984 bereiste. Sie hatte Slawistik und Osteuropa-Geschichte in Z\u00fcrich studiert. Sp\u00e4ter besuchte sie wiederholt das Land als Reiseleiterin. Jetzt jedoch war sie als Journalistin dort und dokumentierte in Wort und Bild, was sie sah und den Unwissenden im Westen mitteilen wollte.<\/p>\n<p>Inzwischen ist ihr damals erschienenes Buch ein Zeugnis der Zeitgeschichte. Die Sowjetunion gibt es nicht mehr, die St\u00e4dte sehen anders aus, und sie werden von Menschen bewohnt und von Touristen besucht, die an das versunkene Land keine eigene Erinnerung haben. Atlantis kennt auch niemand mehr. Darum legt die Schweizer Autorin ihr Buch neuerlich auf: als unver\u00e4nderte Botschaft aus dem Gestern.<\/p>\n<p>ISBN\/EAN: 9783897933286<br \/>\n1. Auflage 2021<br \/>\nErscheinungstermin: 22.12.2021<br \/>\nSprache: deutsch<\/p>\n<p><a href=\"mailto:handel@militaerverlag.de?subject=Buchhandelsbestellung%209783897933286%20Die%20Sowjetunion.%20Atlantis%20des%2020.%20Jahrhunderts&amp;body=Bitte%20geben%20Sie%20bei%20jeder%20Bestellung%20unbedingt%20Ihre%20Verkehrsnummer%20an!\" target=\"_blank\" rel=\"noopener\">Das Buch als H\u00e4ndler beim Verlag bestellen<\/a><\/p>\n<p><a title=\"Buch bei buchhandel.de (neues Fenster)\" href=\"https:\/\/buchhandel.de\/buch\/9783897933286\"  target=\"_blank\" rel=\"noopener\">Das Buch bei buchhandel.de<\/a><\/p>\n<p><a title=\"Katalogseite der Deutschen Nationalbibliothek (neues Fenster)\" href=\"https:\/\/d-nb.info\/1248320891\" target=\"_blank\" rel=\"noopener\">Das Buch im Katalog der Deutschen Nationalbibliothek<\/a><\/p>\n","protected":false},"excerpt":{"rendered":"<h3>Ein Bild-Text-Lesebuch von 1984<\/h3>\n<p>Regula Heusser-Markun hatte Slawistik und Osteuropa-Geschichte in Z\u00fcrich studiert und arbeitete in der Redaktion der Neuen Z\u00fcrcher Zeitung, als sie 1984 die Sowjetunion bereiste. Als Journalistin dokumentierte in Wort und Bild, was sie sah und den Unwissenden im Westen mitteilen wollte. Inzwischen ist dies alles Zeitgeschichte. Die Sowjetunion gibt es nicht mehr, die St\u00e4dte sehen anders aus und sie werden von Menschen bewohnt und von Touristen besucht, die an das versunkene Land keine eigene Erinnerung haben. Atlantis kennt auch niemand mehr.<\/p>\n<p>ISBN: 978-3-89793-328-6<br \/>\n1. Auflage 2021<br \/>\n236 Seiten, 23,5 cm, Festeinband<\/p>\n","protected":false},"featured_media":15557,"comment_status":"open","ping_status":"closed","template":"","meta":[],"product_brand":[181],"product_cat":[184],"product_tag":[],"class_list":{"0":"post-15556","1":"product","2":"type-product","3":"status-publish","4":"has-post-thumbnail","6":"product_brand-verlag-am-park","7":"product_cat-regula-heusser-markun","9":"first","10":"instock","11":"taxable","12":"shipping-taxable","13":"purchasable","14":"product-type-simple"},"_links":{"self":[{"href":"https:\/\/militaerverlag.de\/index.php?rest_route=\/wp\/v2\/product\/15556","targetHints":{"allow":["GET"]}}],"collection":[{"href":"https:\/\/militaerverlag.de\/index.php?rest_route=\/wp\/v2\/product"}],"about":[{"href":"https:\/\/militaerverlag.de\/index.php?rest_route=\/wp\/v2\/types\/product"}],"replies":[{"embeddable":true,"href":"https:\/\/militaerverlag.de\/index.php?rest_route=%2Fwp%2Fv2%2Fcomments&post=15556"}],"wp:featuredmedia":[{"embeddable":true,"href":"https:\/\/militaerverlag.de\/index.php?rest_route=\/wp\/v2\/media\/15557"}],"wp:attachment":[{"href":"https:\/\/militaerverlag.de\/index.php?rest_route=%2Fwp%2Fv2%2Fmedia&parent=15556"}],"wp:term":[{"taxonomy":"product_brand","embeddable":true,"href":"https:\/\/militaerverlag.de\/index.php?rest_route=%2Fwp%2Fv2%2Fproduct_brand&post=15556"},{"taxonomy":"product_cat","embeddable":true,"href":"https:\/\/militaerverlag.de\/index.php?rest_route=%2Fwp%2Fv2%2Fproduct_cat&post=15556"},{"taxonomy":"product_tag","embeddable":true,"href":"https:\/\/militaerverlag.de\/index.php?rest_route=%2Fwp%2Fv2%2Fproduct_tag&post=15556"}],"curies":[{"name":"wp","href":"https:\/\/api.w.org\/{rel}","templated":true}]}}