{"id":15228,"date":"2025-10-11T14:29:45","date_gmt":"2025-10-11T14:29:45","guid":{"rendered":"https:\/\/militaerverlag.com\/?post_type=product&#038;p=15228"},"modified":"2026-03-16T22:02:51","modified_gmt":"2026-03-16T21:02:51","slug":"vietcong-in-paris","status":"publish","type":"product","link":"https:\/\/militaerverlag.de\/?product=vietcong-in-paris","title":{"rendered":"Vietcong in Paris"},"content":{"rendered":"<p>Bernard Bachelard, No\u00e9 Graff und Olivier Parriaux schrieben Geschichte, ohne namentlich in die Geschichtsb\u00fccher einzugehen. Das soll nun nachgeholt werden. Die drei Schweizer hissten in einer kalten Januarnacht im Jahr 1969 auf Notre-Dame die Fahne der s\u00fcdvietnamesischen Befreiungsbewegung FNL. Als Internationalisten wollten sie ein Zeichen setzen. Sie protestierten gegen die USA, die seit 1965 Vietnam in die Steinzeit zur\u00fcckbomben wollten. Aber in erster Linie bekundeten sie damit ihre Solidarit\u00e4t mit den Vietnamesen, die in Paris an jenem Wochenende mit dem Aggressor USA \u00fcber einen Frieden verhandelten. Die Bilder gingen damals um die Welt, ohne dass diese erfuhr, wer dort auf Frankreichs ber\u00fchmtester Kirche das rotblaue Banner mit dem gelben Stern angebracht hatte. Und vor allem: wie? Hier verraten es die drei.<\/p>\n<p>ISBN\/EAN: 9783327100028<br \/>\n1. Auflage 2025<br \/>\nErscheinungstermin: 01.05.2025<br \/>\nSprache: deutsch<\/p>\n<p><a href=\"mailto:handel@militaerverlag.de?subject=Buchhandelsbestellung%209783327100028%20Vietcong%20in%20Paris&amp;body=Bitte%20geben%20Sie%20bei%20jeder%20Bestellung%20unbedingt%20Ihre%20Verkehrsnummer%20an!\" target=\"_blank\" rel=\"noopener\">Das Buch als H\u00e4ndler beim Verlag bestellen<\/a><\/p>\n<p><a title=\"Buch bei buchhandel.de (neues Fenster)\" href=\"https:\/\/buchhandel.de\/buch\/9783327100028\" target=\"_blank\" rel=\"noopener\">Das Buch bei buchhandel.de<\/a><\/p>\n<p><a title=\"Katalogseite der Deutschen Nationalbibliothek (neues Fenster)\" href=\"https:\/\/d-nb.info\/1362348929\" target=\"_blank\" rel=\"noopener\">Das Buch im Katalog der Deutschen Nationalbibliothek<\/a><\/p>\n","protected":false},"excerpt":{"rendered":"<h3>\u00dcber eine spektakul\u00e4re Antikriegsaktion dreier Internationalisten aus der Schweiz<\/h3>\n<p>Als Internationalisten wollten sie ein Zeichen setzen. Sie protestierten gegen die USA, die Vietnam in die Steinzeit zur\u00fcckbomben wollten und bekundeten ihre Solidarit\u00e4t mit dem vietnamesischen Volk: In einer kalten Januarnacht im Jahr 1969 hissten die drei Schweizer Bernard Bachelard, No\u00e9 Graff und Olivier Parriaux die Fahne der s\u00fcdvietnamesischen Befreiungsbewegung FNL auf Notre-Dame in Paris. Die Bilder gingen damals um die Welt, ohne dass diese erfuhr, wer das rotblaue Banner mit dem gelben Stern dort angebracht hatte. Und vor allem: wie? Nun verraten es die drei.<\/p>\n<p>ISBN: 978-3-327-10002-8<br \/>\n1. Auflage 2025<br \/>\n112 Seiten, 21 cm, brosch.<\/p>\n","protected":false},"featured_media":15143,"comment_status":"closed","ping_status":"closed","template":"","meta":[],"product_brand":[175],"product_cat":[138,139,140],"product_tag":[178],"class_list":{"0":"post-15228","1":"product","2":"type-product","3":"status-publish","4":"has-post-thumbnail","6":"product_brand-deutscher-militaerverlag","7":"product_cat-bernard-bachelard","8":"product_cat-noe-graff","9":"product_cat-olivier-parriaux","10":"product_tag-militaergeschichte-international","12":"first","13":"instock","14":"taxable","15":"shipping-taxable","16":"purchasable","17":"product-type-simple"},"_links":{"self":[{"href":"https:\/\/militaerverlag.de\/index.php?rest_route=\/wp\/v2\/product\/15228","targetHints":{"allow":["GET"]}}],"collection":[{"href":"https:\/\/militaerverlag.de\/index.php?rest_route=\/wp\/v2\/product"}],"about":[{"href":"https:\/\/militaerverlag.de\/index.php?rest_route=\/wp\/v2\/types\/product"}],"replies":[{"embeddable":true,"href":"https:\/\/militaerverlag.de\/index.php?rest_route=%2Fwp%2Fv2%2Fcomments&post=15228"}],"wp:featuredmedia":[{"embeddable":true,"href":"https:\/\/militaerverlag.de\/index.php?rest_route=\/wp\/v2\/media\/15143"}],"wp:attachment":[{"href":"https:\/\/militaerverlag.de\/index.php?rest_route=%2Fwp%2Fv2%2Fmedia&parent=15228"}],"wp:term":[{"taxonomy":"product_brand","embeddable":true,"href":"https:\/\/militaerverlag.de\/index.php?rest_route=%2Fwp%2Fv2%2Fproduct_brand&post=15228"},{"taxonomy":"product_cat","embeddable":true,"href":"https:\/\/militaerverlag.de\/index.php?rest_route=%2Fwp%2Fv2%2Fproduct_cat&post=15228"},{"taxonomy":"product_tag","embeddable":true,"href":"https:\/\/militaerverlag.de\/index.php?rest_route=%2Fwp%2Fv2%2Fproduct_tag&post=15228"}],"curies":[{"name":"wp","href":"https:\/\/api.w.org\/{rel}","templated":true}]}}