{"id":7366,"date":"2015-11-18T08:37:53","date_gmt":"2015-11-18T08:37:53","guid":{"rendered":"http:\/\/interior-design.cmsmasters.net\/?page_id=7366"},"modified":"2026-03-18T21:18:33","modified_gmt":"2026-03-18T20:18:33","slug":"home-store","status":"publish","type":"page","link":"https:\/\/militaerverlag.de\/","title":{"rendered":"Home"},"content":{"rendered":"<div id=\"cmsmasters_row_46351931b1\" class=\"cmsmasters_row cmsmasters_color_scheme_default cmsmasters_row_top_default cmsmasters_row_bot_default cmsmasters_row_fullwidth\">\n<div class=\"cmsmasters_row_outer_parent\">\n<div class=\"cmsmasters_row_outer\">\n<div class=\"cmsmasters_row_inner cmsmasters_row_fullwidth\">\n<div class=\"cmsmasters_row_margin\">\n<div id=\"cmsmasters_column_\" class=\"cmsmasters_column one_first\">\n<div class=\"cmsmasters_column_inner\">\n<div class=\"cmsmasters_slider\">\n\t\t\t\t<p class=\"rs-p-wp-fix\"><\/p>\n\t\t\t\t<sr7-module data-alias=\"slider1\" data-id=\"1\" id=\"SR7_1_1\" class=\"rs-ov-hidden\" data-version=\"6.7.36\">\n\t\t\t\t\t<sr7-adjuster><\/sr7-adjuster>\n\t\t\t\t\t<sr7-content>\n\t\t\t\t\t\t<sr7-slide id=\"SR7_1_1-8\" data-key=\"8\">\n\t\t\t\t\t\t\t<sr7-bg id=\"SR7_1_1-8-12\" class=\"sr7-layer\"><noscript><img decoding=\"async\" src=\"https:\/\/militaerverlag.com\/wp-content\/uploads\/2018\/11\/slider-1.jpg\" alt=\"\" title=\"slider\"><\/noscript><\/sr7-bg>\n\t\t\t\t\t\t\t<sr7-txt id=\"SR7_1_1-8-0\" class=\"sr7-layer\">+++ Milit\u00e4rgeschichte +++<\/sr7-txt>\n\t\t\t\t\t\t\t<sr7-txt id=\"SR7_1_1-8-3\" class=\"sr7-layer\">Von Nakfa nach Nakfa<\/sr7-txt>\n\t\t\t\t\t\t\t<sr7-txt id=\"SR7_1_1-8-5\" class=\"sr7-layer\">\u00bbTekeste Fekadus Aufzeichnungen, sind ein ber\u00fchrendes Zeugnis aktiver Mitmenschlichkeit und selbstloser Hilfsbereitschaft.\u00ab<\/sr7-txt>\n\t\t\t\t\t\t\t<sr7-txt id=\"SR7_1_1-8-8\" class=\"sr7-layer\">Der Kampf Eritreas <br \/>\num seine Unabh\u00e4ngigkeit 1976-1979<\/sr7-txt>\n\t\t\t\t\t\t\t<sr7-txt id=\"SR7_1_1-8-9\" class=\"sr7-layer\">Neues Deutschland<\/sr7-txt>\n\t\t\t\t\t\t\t<a id=\"SR7_1_1-8-10\" class=\"sr7-layer\" href=\"https:\/\/militaerverlag.de\/?product=von-nakfa-nach-nakfa\" target=\"_self\">zum Buch<\/a>\n\t\t\t\t\t\t\t<sr7-txt id=\"SR7_1_1-8-11\" class=\"sr7-layer\">Tekeste Fekadu<\/sr7-txt>\n\t\t\t\t\t\t<\/sr7-slide>\n\t\t\t\t\t\t<sr7-slide id=\"SR7_1_1-6\" data-key=\"6\">\n\t\t\t\t\t\t\t<sr7-bg id=\"SR7_1_1-6-11\" class=\"sr7-layer\"><noscript><img decoding=\"async\" src=\"https:\/\/militaerverlag.com\/wp-content\/uploads\/2018\/11\/slider-1.jpg\" alt=\"\" title=\"slider\"><\/noscript><\/sr7-bg>\n\t\t\t\t\t\t\t<sr7-txt id=\"SR7_1_1-6-0\" class=\"sr7-layer\">Neu erschienen<\/sr7-txt>\n\t\t\t\t\t\t\t<sr7-txt id=\"SR7_1_1-6-3\" class=\"sr7-layer\">Trump und die <br \/>\nneue Weltordnung<\/sr7-txt>\n\t\t\t\t\t\t\t<sr7-txt id=\"SR7_1_1-6-5\" class=\"sr7-layer\">Die Unabh\u00e4ngigkeitserkl\u00e4rung der USA ver\u00e4nderte die Welt \u2013 Donal Trump will das auch. Erhard Crome hat untersucht, welche Schritte er dazu unternimmt und wie weit er schon gekommen ist.<\/sr7-txt>\n\t\t\t\t\t\t\t<a id=\"SR7_1_1-6-10\" class=\"sr7-layer\" href=\"https:\/\/militaerverlag.de\/?product=trump-und-die-neue-weltordnung\" target=\"_self\">zum Buch<\/a>\n\t\t\t\t\t\t<\/sr7-slide>\n\t\t\t\t\t\t<sr7-slide id=\"SR7_1_1-7\" data-key=\"7\">\n\t\t\t\t\t\t\t<sr7-bg id=\"SR7_1_1-7-11\" class=\"sr7-layer\"><noscript><img decoding=\"async\" src=\"https:\/\/militaerverlag.com\/wp-content\/uploads\/2018\/11\/slider-1.jpg\" alt=\"\" title=\"slider\"><\/noscript><\/sr7-bg>\n\t\t\t\t\t\t\t<sr7-txt id=\"SR7_1_1-7-3\" class=\"sr7-layer\">Deutscher Milit\u00e4rverlag<br \/>\n\u2013 der Antikriegsverlag<\/sr7-txt>\n\t\t\t\t\t\t\t<sr7-txt id=\"SR7_1_1-7-5\" class=\"sr7-layer\">Kriege haben Ursachen.<\/sr7-txt>\n\t\t\t\t\t\t\t<sr7-txt id=\"SR7_1_1-7-6\" class=\"sr7-layer\">Wer gegen Kriege k\u00e4mpfen will,\nmuss die Ursachen kennen!<\/sr7-txt>\n\t\t\t\t\t\t\t<sr7-txt id=\"SR7_1_1-7-7\" class=\"sr7-layer\">B\u00fccher aus dem\nDeutschen Milit\u00e4rverlag\nhelfen, die Ursachen zu verstehen.<\/sr7-txt>\n\t\t\t\t\t\t\t<a id=\"SR7_1_1-7-10\" class=\"sr7-layer\" href=\"https:\/\/militaerverlag.de\/?post_type=product\" target=\"_self\">zu unseren B\u00fcchern<\/a>\n\t\t\t\t\t\t<\/sr7-slide>\n\t\t\t\t\t\t<sr7-slide id=\"SR7_1_1-1\" data-key=\"1\">\n\t\t\t\t\t\t\t<sr7-bg id=\"SR7_1_1-1-11\" class=\"sr7-layer\"><noscript><img decoding=\"async\" src=\"https:\/\/militaerverlag.com\/wp-content\/uploads\/2018\/11\/slider-1.jpg\" alt=\"\" title=\"slider\"><\/noscript><\/sr7-bg>\n\t\t\t\t\t\t\t<sr7-txt id=\"SR7_1_1-1-2\" class=\"sr7-layer\">+++ Milit\u00e4rgeschichte +++<\/sr7-txt>\n\t\t\t\t\t\t\t<sr7-txt id=\"SR7_1_1-1-3\" class=\"sr7-layer\">Ausgemustert<\/sr7-txt>\n\t\t\t\t\t\t\t<sr7-txt id=\"SR7_1_1-1-5\" class=\"sr7-layer\">Mit dem Ende der DDR verschwanden auch ihre Streitkr\u00e4fte.\nKlaus-Peter G\u00f6dde zeigt, wie ehemalige Soldaten ihren neuen Weg fanden.<\/sr7-txt>\n\t\t\t\t\t\t\t<a id=\"SR7_1_1-1-10\" class=\"sr7-layer\" href=\"https:\/\/militaerverlag.com\/?product=ausgemustert\" target=\"_self\">Zum Buch<\/a>\n\t\t\t\t\t\t<\/sr7-slide>\n\t\t\t\t\t\t<sr7-slide id=\"SR7_1_1-5\" data-key=\"5\">\n\t\t\t\t\t\t\t<sr7-bg id=\"SR7_1_1-5-11\" class=\"sr7-layer\"><noscript><img decoding=\"async\" src=\"https:\/\/militaerverlag.com\/wp-content\/uploads\/2018\/11\/slider-1.jpg\" alt=\"\" title=\"slider\"><\/noscript><\/sr7-bg>\n\t\t\t\t\t\t\t<sr7-txt id=\"SR7_1_1-5-3\" class=\"sr7-layer\">Deutscher Milit\u00e4rverlag\n\u2013 ein Verlag f\u00fcr den Frieden<\/sr7-txt>\n\t\t\t\t\t\t\t<sr7-txt id=\"SR7_1_1-5-5\" class=\"sr7-layer\">... denn Milit\u00e4r braucht Leute, die ihm auf die Finger schauen!<\/sr7-txt>\n\t\t\t\t\t\t\t<a id=\"SR7_1_1-5-10\" class=\"sr7-layer\" href=\"https:\/\/militaerverlag.de\/?page_id=529\" target=\"_self\">\u00dcber uns<\/a>\n\t\t\t\t\t\t<\/sr7-slide>\n\t\t\t\t\t\t<sr7-slide id=\"SR7_1_1-2\" data-key=\"2\">\n\t\t\t\t\t\t<\/sr7-slide>\n\t\t\t\t\t<\/sr7-content>\n\t\t\t\t\t<image_lists style=\"display:none\">\n\t\t\t\t\t\t<img data-src=\"\/\/militaerverlag.com\/wp-content\/uploads\/2025\/10\/augem-book-1.png\" data-libid=\"15316\" data-lib=\"medialibrary\" title=\"augem book\" width=\"0\" height=\"0\" data-dbsrc=\"Ly9taWxpdGFlcnZlcmxhZy5jb20vd3AtY29udGVudC91cGxvYWRzLzIwMjUvMTAvYXVnZW0tYm9vay0xLnBuZw==\"\/>\n\t\t\t\t\t\t<img data-src=\"\/\/militaerverlag.com\/wp-content\/uploads\/2018\/11\/slider-1.jpg\" data-libid=\"13373\" data-lib=\"medialibrary\" title=\"slider\" width=\"0\" height=\"0\" data-dbsrc=\"Ly9taWxpdGFlcnZlcmxhZy5jb20vd3AtY29udGVudC91cGxvYWRzLzIwMTgvMTEvc2xpZGVyLTEuanBn\"\/>\n\t\t\t\t\t\t<img data-src=\"\/\/militaerverlag.de\/wp-content\/uploads\/2025\/10\/Friedenstaube_mit_Taube_Web.jpg\" data-libid=\"15136\" data-lib=\"medialibrary\" title=\"Friedenstaube_mit_Taube_Web\" width=\"0\" height=\"0\" data-dbsrc=\"Ly9taWxpdGFlcnZlcmxhZy5kZS93cC1jb250ZW50L3VwbG9hZHMvMjAyNS8xMC9GcmllZGVuc3RhdWJlX21pdF9UYXViZV9XZWIuanBn\"\/>\n\t\t\t\t\t\t<img data-src=\"\/\/militaerverlag.de\/wp-content\/uploads\/2026\/02\/Crome_Trump_Cover.jpg\" data-libid=\"15579\" data-lib=\"medialibrary\" title=\"Layout 1\" width=\"0\" height=\"0\" data-dbsrc=\"Ly9taWxpdGFlcnZlcmxhZy5kZS93cC1jb250ZW50L3VwbG9hZHMvMjAyNi8wMi9Dcm9tZV9UcnVtcF9Db3Zlci5qcGc=\"\/>\n\t\t\t\t\t\t<img data-src=\"\/\/militaerverlag.de\/wp-content\/uploads\/2025\/11\/9783327100059.jpeg\" data-libid=\"15566\" data-lib=\"medialibrary\" title=\"9783327100059\" width=\"0\" height=\"0\" data-dbsrc=\"Ly9taWxpdGFlcnZlcmxhZy5kZS93cC1jb250ZW50L3VwbG9hZHMvMjAyNS8xMS85NzgzMzI3MTAwMDU5LmpwZWc=\"\/>\n\t\t\t\t\t<\/image_lists>\n\t\t\t\t<\/sr7-module>\n\t\t\t\t<script>\n\t\t\t\t\tSR7.PMH ??={}; SR7.PMH[\"SR7_1_1\"] = {cn:100,state:false,fn: function() { if (_tpt!==undefined && _tpt.prepareModuleHeight !== undefined) {  _tpt.prepareModuleHeight({id:\"SR7_1_1\",el:[550,550,550,550,550],type:'standard',shdw:'0',gh:[550,550,550,550,550],gw:[1024,1024,1024,550,550],vpt:['-100px&#039;,&#039;-100px&#039;,&#039;-100px&#039;,&#039;-100px&#039;,&#039;-100px'],size:{fullWidth:false, fullHeight:false},mh:'0',onh:0,onw:0,bg:{color:'{\"orig\":\"transparent\",\"type\":\"solid\",\"string\":\"transparent\"}'},plType:'0',plColor:'#FFFFFF'});   SR7.PMH[\"SR7_1_1\"].state=true;} else if(SR7.PMH[\"SR7_1_1\"].cn-->0)\tsetTimeout( SR7.PMH[\"SR7_1_1\"].fn,19);}};SR7.PMH[\"SR7_1_1\" ].fn();\n\t\t\t\t<\/script>\n<\/div>\n<\/div><\/div>\n<\/div>\n<\/div>\n<\/div>\n<\/div>\n<\/div>\n<div id=\"cmsmasters_row_\" class=\"cmsmasters_row cmsmasters_color_scheme_default cmsmasters_row_top_default cmsmasters_row_bot_default cmsmasters_row_boxed\">\n<div class=\"cmsmasters_row_outer_parent\">\n<div class=\"cmsmasters_row_outer\">\n<div class=\"cmsmasters_row_inner\">\n<div class=\"cmsmasters_row_margin\">\n<div id=\"cmsmasters_column_88dxh37dn\" class=\"cmsmasters_column one_first\">\n<div class=\"cmsmasters_column_inner\">\n<div id=\"cmsmasters_divider_4mbwwun8yr\" class=\"cmsmasters_divider cmsmasters_divider_width_long cmsmasters_divider_pos_center\"><\/div>\n<div id=\"cmsmasters_heading_xbzq6jv53p\" class=\"cmsmasters_heading_wrap cmsmasters_heading_align_center\">\n\t<h2 class=\"cmsmasters_heading\">\u00dcber uns<\/h2>\n<\/div><div class=\"cmsmasters_text\">\n<p style=\"text-align: center;\" data-start=\"0\" data-end=\"447\">Geboren im Kalten Krieg, gewachsen in der Zeit der Entspannung, begraben mit dem Ende der DDR.<br data-start=\"113\" data-end=\"116\" data-is-only-node=\"\" \/>Der Deutsche Milit\u00e4rverlag war mehr als ein Verlag \u2013 er war ein Spiegel seiner Epoche.<br data-start=\"202\" data-end=\"205\" \/>2010 kehrte er nach Berlin zur\u00fcck, 2025 wird er neu belebt.<br data-start=\"264\" data-end=\"267\" \/>Heute versteht er sich als Stimme f\u00fcr Frieden in einer Zeit, in der Kriegsrhetorik wieder lauter wird.<br data-start=\"369\" data-end=\"372\" \/>Im Geiste Rosa Luxemburgs: Nur wer Frieden denkt, kann ihn auch schaffen<\/p>\n<\/div>\n<div id=\"cmsmasters_button_cwia4q7wx6\" class=\"button_wrap\"><a href=\"\/?page_id=529\" class=\"cmsmasters_button\"><span>Mehr erfahren<\/span><\/a><\/div>\n<\/div><\/div>\n<\/div>\n<\/div>\n<div class=\"cmsmasters_row_inner\">\n<div class=\"cmsmasters_row_margin\">\n<div id=\"cmsmasters_column_88a3gbac9b\" class=\"cmsmasters_column one_first\">\n<div class=\"cmsmasters_column_inner\">\n<div id=\"cmsmasters_divider_wpz0c5vr0t\" class=\"cmsmasters_divider cmsmasters_divider_width_long cmsmasters_divider_pos_center\"><\/div>\n<div id=\"cmsmasters_heading_t4p1m5953c\" class=\"cmsmasters_heading_wrap cmsmasters_heading_align_center\">\n\t<h2 class=\"cmsmasters_heading\">Meldungen<\/h2>\n<\/div><div id=\"cmsmasters_heading_js4y2x9vyw\" class=\"cmsmasters_heading_wrap cmsmasters_heading_align_center\">\n\t<h4 class=\"cmsmasters_heading\">Neues aus dem Verlag<\/h4>\n<\/div>\n<div id=\"blog_shi7m7fptr\" class=\"cmsmasters_wrap_blog entry-summary\" data-layout=\"columns\" data-layout-mode=\"masonry\" data-url=\"https:\/\/militaerverlag.de\/wp-content\/plugins\/cmsmasters-content-composer\/\" data-orderby=\"date\" data-order=\"DESC\" data-count=\"12\" data-categories=\"\" data-metadata=\"date,categories\" data-pagination=\"pagination\"><div class=\"blog columns masonry cmsmasters_3\"><!-- Start Post Masonry Article -->\r\n<article id=\"post-15372\" class=\"cmsmasters_post_masonry post-15372 post type-post status-publish format-standard hentry category-facts tag-antikrieg tag-berlin tag-frieden tag-neustart2025 tag-publikationen tag-verlagsgeschichte\" data-category=\"facts\">\r\n\t<div class=\"cmsmasters_post_cont\">\r\n\t\t<div class=\"cmsmasters_image_masonsry_wrap\"><span class=\"cmsmasters_post_date\"><abbr class=\"published\" title=\"4. M\u00e4rz 2025\">4. M\u00e4rz 2025<\/abbr><abbr class=\"dn date updated\" title=\"1. M\u00e4rz 2026\">1. M\u00e4rz 2026<\/abbr><\/span><\/div><div class=\"cmsmasters_content_masonsry_wrap\"><div class=\"cmsmasters_post_cont_info entry-meta\"><span class=\"cmsmasters_post_category\">Im <a href=\"https:\/\/militaerverlag.de\/?cat=19\" class=\"cmsmasters_cat_color cmsmasters_cat_19\" rel=\"category tag\">Facts<\/a><\/span><\/div><header class=\"cmsmasters_post_header entry-header\"><h3 class=\"cmsmasters_post_title entry-title\"><a href=\"https:\/\/militaerverlag.de\/?p=15372\">Deutscher Milit\u00e4rverlag \u2013 der Antikriegsverlag<\/a><\/h3><\/header><div class=\"cmsmasters_post_content entry-content\">\n<p>Geboren Mitte der f\u00fcnfziger Jahre, in der Hochzeit des Kalten Krieges. Aufgewachsen und vollj\u00e4hrig geworden in der Phase der Entspannungspolitik....<\/p>\n<\/div>\n<\/div>\t<\/div>\r\n<\/article>\r\n<!-- Finish Post Masonry Article -->\r\n\r\n<!-- Start Post Masonry Article -->\r\n<article id=\"post-15368\" class=\"cmsmasters_post_masonry post-15368 post type-post status-publish format-standard hentry category-news tag-deutschermilitarverlag tag-digitalisierung tag-frieden tag-verlagsnews tag-websiterelaunch\" data-category=\"news\">\r\n\t<div class=\"cmsmasters_post_cont\">\r\n\t\t<div class=\"cmsmasters_image_masonsry_wrap\"><span class=\"cmsmasters_post_date\"><abbr class=\"published\" title=\"15. Oktober 2025\">15. Oktober 2025<\/abbr><abbr class=\"dn date updated\" title=\"1. M\u00e4rz 2026\">1. M\u00e4rz 2026<\/abbr><\/span><\/div><div class=\"cmsmasters_content_masonsry_wrap\"><div class=\"cmsmasters_post_cont_info entry-meta\"><span class=\"cmsmasters_post_category\">Im <a href=\"https:\/\/militaerverlag.de\/?cat=20\" class=\"cmsmasters_cat_color cmsmasters_cat_20\" rel=\"category tag\">News<\/a><\/span><\/div><header class=\"cmsmasters_post_header entry-header\"><h3 class=\"cmsmasters_post_title entry-title\"><a href=\"https:\/\/militaerverlag.de\/?p=15368\">Neuer Start \u2013 neue Website<\/a><\/h3><\/header><div class=\"cmsmasters_post_content entry-content\">\n<p>Mit Freude pr\u00e4sentieren wir unsere neue Website des Deutschen Milit\u00e4rverlags. Nach der Reaktivierung des Verlags im Fr\u00fchjahr dieses Jahres gehen...<\/p>\n<\/div>\n<\/div>\t<\/div>\r\n<\/article>\r\n<!-- Finish Post Masonry Article -->\r\n\r\n<!-- Start Post Masonry Article -->\r\n<article id=\"post-15380\" class=\"cmsmasters_post_masonry post-15380 post type-post status-publish format-standard hentry category-new-releases tag-ausgemustert tag-ddr tag-deutschermilitarverlag tag-frieden tag-klauspetergodde tag-nva tag-zeitgeschichte\" data-category=\"new-releases\">\r\n\t<div class=\"cmsmasters_post_cont\">\r\n\t\t<div class=\"cmsmasters_image_masonsry_wrap\"><span class=\"cmsmasters_post_date\"><abbr class=\"published\" title=\"15. Juli 2025\">15. Juli 2025<\/abbr><abbr class=\"dn date updated\" title=\"1. M\u00e4rz 2026\">1. M\u00e4rz 2026<\/abbr><\/span><\/div><div class=\"cmsmasters_content_masonsry_wrap\"><div class=\"cmsmasters_post_cont_info entry-meta\"><span class=\"cmsmasters_post_category\">Im <a href=\"https:\/\/militaerverlag.de\/?cat=174\" class=\"cmsmasters_cat_color cmsmasters_cat_174\" rel=\"category tag\">Neuerscheinungen<\/a><\/span><\/div><header class=\"cmsmasters_post_header entry-header\"><h3 class=\"cmsmasters_post_title entry-title\"><a href=\"https:\/\/militaerverlag.de\/?p=15380\">Ausgemustert \u2013 jetzt im Handel<\/a><\/h3><\/header><div class=\"cmsmasters_post_content entry-content\">\n<p>\u00bbAusgemustert\u00ab erz\u00e4hlt vom Leben ehemaliger Angeh\u00f6riger der Nationalen Volksarmee nach der Wiedervereinigung und dem damit verbundenen Verlust ihres Dienstverh\u00e4ltnisses. Herausgeber...<\/p>\n<\/div>\n<\/div>\t<\/div>\r\n<\/article>\r\n<!-- Finish Post Masonry Article -->\r\n\r\n<!-- Start Post Masonry Article -->\r\n<article id=\"post-15377\" class=\"cmsmasters_post_masonry post-15377 post type-post status-publish format-standard hentry category-new-releases tag-antikrieg tag-deutschermilitarverlag tag-europa tag-frieden tag-friedenmitrussland tag-joachimbonatz tag-politik tag-rainerrupp\" data-category=\"new-releases\">\r\n\t<div class=\"cmsmasters_post_cont\">\r\n\t\t<div class=\"cmsmasters_image_masonsry_wrap\"><span class=\"cmsmasters_post_date\"><abbr class=\"published\" title=\"15. Mai 2025\">15. Mai 2025<\/abbr><abbr class=\"dn date updated\" title=\"1. M\u00e4rz 2026\">1. M\u00e4rz 2026<\/abbr><\/span><\/div><div class=\"cmsmasters_content_masonsry_wrap\"><div class=\"cmsmasters_post_cont_info entry-meta\"><span class=\"cmsmasters_post_category\">Im <a href=\"https:\/\/militaerverlag.de\/?cat=174\" class=\"cmsmasters_cat_color cmsmasters_cat_174\" rel=\"category tag\">Neuerscheinungen<\/a><\/span><\/div><header class=\"cmsmasters_post_header entry-header\"><h3 class=\"cmsmasters_post_title entry-title\"><a href=\"https:\/\/militaerverlag.de\/?p=15377\">Frieden mit Russland \u2013 ab sofort lieferbar<\/a><\/h3><\/header><div class=\"cmsmasters_post_content entry-content\">\n<p>Zwei Jahre nach der Konferenz \u00bbDialog statt Waffen\u00ab lud das Ostdeutsche Kuratorium von Verb\u00e4nden e. V. (OKV) erneut zu einer...<\/p>\n<\/div>\n<\/div>\t<\/div>\r\n<\/article>\r\n<!-- Finish Post Masonry Article -->\r\n\r\n<!-- Start Post Masonry Article -->\r\n<article id=\"post-15374\" class=\"cmsmasters_post_masonry post-15374 post type-post status-publish format-standard hentry category-new-releases tag-antikrieg tag-bernardbachelard tag-frieden tag-neuerscheinung tag-noegraff tag-olivierparriaux tag-vietconginparis\" data-category=\"new-releases\">\r\n\t<div class=\"cmsmasters_post_cont\">\r\n\t\t<div class=\"cmsmasters_image_masonsry_wrap\"><span class=\"cmsmasters_post_date\"><abbr class=\"published\" title=\"1. Mai 2025\">1. Mai 2025<\/abbr><abbr class=\"dn date updated\" title=\"1. M\u00e4rz 2026\">1. M\u00e4rz 2026<\/abbr><\/span><\/div><div class=\"cmsmasters_content_masonsry_wrap\"><div class=\"cmsmasters_post_cont_info entry-meta\"><span class=\"cmsmasters_post_category\">Im <a href=\"https:\/\/militaerverlag.de\/?cat=174\" class=\"cmsmasters_cat_color cmsmasters_cat_174\" rel=\"category tag\">Neuerscheinungen<\/a><\/span><\/div><header class=\"cmsmasters_post_header entry-header\"><h3 class=\"cmsmasters_post_title entry-title\"><a href=\"https:\/\/militaerverlag.de\/?p=15374\">Vietcong in Paris \u2013 jetzt erh\u00e4ltlich<\/a><\/h3><\/header><div class=\"cmsmasters_post_content entry-content\">\n<p>Zum 50. Jahrestag des Kriegsendes in Vietnam am 30. April: \u00bbVietcong in Paris\u00ab Als Internationalisten wollten sie ein Zeichen setzen!...<\/p>\n<\/div>\n<\/div>\t<\/div>\r\n<\/article>\r\n<!-- Finish Post Masonry Article -->\r\n\r\n<\/div><div class=\"cmsmasters_wrap_more_posts cmsmasters_wrap_more_items\"><\/div><\/div>\n<div id=\"cmsmasters_button_cwia4q7wx6\" class=\"button_wrap\"><a href=\"\/?page_id=11267\" class=\"cmsmasters_button\"><span>Zum Aktuellen<\/span><\/a><\/div>\n\n<div id=\"cmsmasters_divider_4cpisgq9z9\" class=\"cmsmasters_divider cmsmasters_divider_width_long cmsmasters_divider_pos_center\"><\/div>\n<\/div><\/div>\n<\/div>\n<\/div>\n<div class=\"cmsmasters_row_inner\">\n<div class=\"cmsmasters_row_margin\">\n<div id=\"cmsmasters_column_\" class=\"cmsmasters_column one_half\">\n<div class=\"cmsmasters_column_inner\"><div id=\"cmsmasters_heading_s5kt6740u\" class=\"cmsmasters_heading_wrap cmsmasters_heading_align_left\">\n\t<h2 class=\"cmsmasters_heading\">Unsere Autorinnen und Autoren stehen f\u00fcr Frieden, Erinnerung und historische Verantwortung<\/h2>\n<\/div><div id=\"cmsmasters_button_aeeiy5mvm\" class=\"button_wrap\"><a href=\"https:\/\/militaerverlag.com\/?page_id=11812\" class=\"cmsmasters_button\"><span>Zu den Autor*innen \u2192<\/span><\/a><\/div>\n<\/div><\/div>\n<div id=\"cmsmasters_column_arur54klq7\" class=\"cmsmasters_column one_half\">\n<div class=\"cmsmasters_column_inner\"><div id=\"cmsmasters_heading_ynrf9gh0v\" class=\"cmsmasters_heading_wrap cmsmasters_heading_align_right\">\n\t<h2 class=\"cmsmasters_heading\">Entdecken Sie aktuelle und klassische Titel aus unserem Programm \u2013 B\u00fccher f\u00fcr Verst\u00e4ndigung statt Krieg<\/h2>\n<\/div><div id=\"cmsmasters_button_jxy182db6e\" class=\"button_wrap\"><a href=\"https:\/\/militaerverlag.com\/?page_id=11843\" class=\"cmsmasters_button\"><span>Zum Shop \u2192<\/span><\/a><\/div>\n<\/div><\/div>\n<\/div>\n<\/div>\n<\/div>\n<\/div>\n<\/div>\n<div id=\"cmsmasters_row_8jh9qsnguk\" class=\"cmsmasters_row cmsmasters_color_scheme_default cmsmasters_row_top_default cmsmasters_row_bot_default cmsmasters_row_boxed\">\n<div class=\"cmsmasters_row_outer_parent\">\n<div class=\"cmsmasters_row_outer\">\n<div class=\"cmsmasters_row_inner\">\n<div class=\"cmsmasters_row_margin\">\n<div id=\"cmsmasters_column_lsti3c2we\" class=\"cmsmasters_column one_first\">\n<div class=\"cmsmasters_column_inner\"><\/div><\/div>\n<\/div>\n<\/div>\n<\/div>\n<\/div>\n<\/div>\n\n","protected":false},"excerpt":{"rendered":"","protected":false},"author":1,"featured_media":0,"parent":0,"menu_order":0,"comment_status":"closed","ping_status":"closed","template":"","meta":{"footnotes":""},"class_list":["post-7366","page","type-page","status-publish","hentry"],"_links":{"self":[{"href":"https:\/\/militaerverlag.de\/index.php?rest_route=\/wp\/v2\/pages\/7366","targetHints":{"allow":["GET"]}}],"collection":[{"href":"https:\/\/militaerverlag.de\/index.php?rest_route=\/wp\/v2\/pages"}],"about":[{"href":"https:\/\/militaerverlag.de\/index.php?rest_route=\/wp\/v2\/types\/page"}],"author":[{"embeddable":true,"href":"https:\/\/militaerverlag.de\/index.php?rest_route=\/wp\/v2\/users\/1"}],"replies":[{"embeddable":true,"href":"https:\/\/militaerverlag.de\/index.php?rest_route=%2Fwp%2Fv2%2Fcomments&post=7366"}],"version-history":[{"count":28,"href":"https:\/\/militaerverlag.de\/index.php?rest_route=\/wp\/v2\/pages\/7366\/revisions"}],"predecessor-version":[{"id":15610,"href":"https:\/\/militaerverlag.de\/index.php?rest_route=\/wp\/v2\/pages\/7366\/revisions\/15610"}],"wp:attachment":[{"href":"https:\/\/militaerverlag.de\/index.php?rest_route=%2Fwp%2Fv2%2Fmedia&parent=7366"}],"curies":[{"name":"wp","href":"https:\/\/api.w.org\/{rel}","templated":true}]}}