{"id":529,"date":"2015-04-20T11:50:56","date_gmt":"2015-04-20T11:50:56","guid":{"rendered":"http:\/\/welfare.cmsmasters.net\/?page_id=529"},"modified":"2025-11-10T21:26:41","modified_gmt":"2025-11-10T20:26:41","slug":"about-us","status":"publish","type":"page","link":"https:\/\/militaerverlag.de\/?page_id=529","title":{"rendered":"\u00dcber uns"},"content":{"rendered":"\n<div class=\"wp-block-group is-nowrap is-layout-flex wp-container-core-group-is-layout-ad2f72ca wp-block-group-is-layout-flex\">\n<div class=\"wp-block-media-text has-media-on-the-right is-stacked-on-mobile is-vertically-aligned-top\" style=\"grid-template-columns:auto 25%\"><div class=\"wp-block-media-text__content\">\n<p class=\"has-medium-font-size\">Geboren Mitte der f\u00fcnfziger Jahre, in der Hochzeit des Kalten Krieges, aufgewachsen und vollj\u00e4hrig geworden in der Phase der Entspannungspolitik, zu Grabe getragen mit dem Ende der deutschen Zweistaatlichkeit \u2013 das war der <em>Deutsche Milit\u00e4rverlag<\/em>, ab 1973 der <em>Milit\u00e4rverlag der Deutschen Demokratischen Republik<\/em>.<\/p>\n\n\n\n<p class=\"has-medium-font-size\">Verst\u00fcmmelt, zerst\u00fcckelt, zerschlagen wurde der Kadaver des Verlags \u2013 zum Widerspruch nicht mehr f\u00e4hig \u2013 nach der politischen Wende wiederholt verh\u00f6kert.<\/p>\n\n\n\n<p class=\"has-medium-font-size\">2010 kehrte der Verlag \u2013 kaum noch als solcher zu erkennen \u2013 an seine Geburtsst\u00e4tte Berlin zur\u00fcck.<\/p>\n\n\n\n<p class=\"has-medium-font-size\">Nun, 2025, wird er reaktiviert, da das Kriegsgeschrei den Ruf nach Frieden zu \u00fcbert\u00f6nen droht und Stimmen n\u00f6tig werden, die nicht kriegst\u00fcchtig, sondern friedensf\u00e4hig machen.<\/p>\n\n\n\n<p class=\"has-medium-font-size\">Ganz im Geiste Rosa Luxemburgs, am Vorabend des Ersten Weltbrandes in der ostdeutschen Stadt Leipzig formuliert: \u00bbSolange das Kapital herrscht, werden R\u00fcstungen und Krieg nicht aufh\u00f6ren.\u00ab<\/p>\n\n\n\n<p class=\"has-medium-font-size\">Die Friedenstaube im Berliner Nikolai-Viertel stammt von Gerhard Thieme (1928-2018). Der Berliner Bildhauer schuf auch den dreieinhalb Meter gro\u00dfen Bauarbeiter, der in der Karl-Liebknecht-Stra\u00dfe steht und den sie \u00bbGoldfinger\u00ab nennen, weil viele Menschen seine Hand ergreifen.<\/p>\n\n\n\n<p><em>Berlin im M\u00e4rz 2025<\/em><\/p>\n<\/div><figure class=\"wp-block-media-text__media\"><img loading=\"lazy\" decoding=\"async\" width=\"399\" height=\"1024\" src=\"https:\/\/militaerverlag.com\/wp-content\/uploads\/2025\/10\/Friedenstaube_mit_Taube_Web-1-399x1024.jpg\" alt=\"\" class=\"wp-image-15141 size-full\" srcset=\"https:\/\/militaerverlag.de\/wp-content\/uploads\/2025\/10\/Friedenstaube_mit_Taube_Web-1-399x1024.jpg 399w, https:\/\/militaerverlag.de\/wp-content\/uploads\/2025\/10\/Friedenstaube_mit_Taube_Web-1-117x300.jpg 117w, https:\/\/militaerverlag.de\/wp-content\/uploads\/2025\/10\/Friedenstaube_mit_Taube_Web-1.jpg 467w\" sizes=\"auto, (max-width: 399px) 100vw, 399px\" \/><\/figure><\/div>\n<\/div>\n\n\n\n<p><\/p>\n","protected":false},"excerpt":{"rendered":"<p>Geboren Mitte der f\u00fcnfziger Jahre, in der Hochzeit des Kalten Krieges, aufgewachsen und vollj\u00e4hrig geworden in der Phase der Entspannungspolitik, zu Grabe getragen mit dem Ende der deutschen Zweistaatlichkeit \u2013&#8230;<\/p>\n","protected":false},"author":1,"featured_media":15141,"parent":0,"menu_order":0,"comment_status":"closed","ping_status":"closed","template":"","meta":{"footnotes":""},"class_list":["post-529","page","type-page","status-publish","has-post-thumbnail","hentry"],"_links":{"self":[{"href":"https:\/\/militaerverlag.de\/index.php?rest_route=\/wp\/v2\/pages\/529","targetHints":{"allow":["GET"]}}],"collection":[{"href":"https:\/\/militaerverlag.de\/index.php?rest_route=\/wp\/v2\/pages"}],"about":[{"href":"https:\/\/militaerverlag.de\/index.php?rest_route=\/wp\/v2\/types\/page"}],"author":[{"embeddable":true,"href":"https:\/\/militaerverlag.de\/index.php?rest_route=\/wp\/v2\/users\/1"}],"replies":[{"embeddable":true,"href":"https:\/\/militaerverlag.de\/index.php?rest_route=%2Fwp%2Fv2%2Fcomments&post=529"}],"version-history":[{"count":11,"href":"https:\/\/militaerverlag.de\/index.php?rest_route=\/wp\/v2\/pages\/529\/revisions"}],"predecessor-version":[{"id":15549,"href":"https:\/\/militaerverlag.de\/index.php?rest_route=\/wp\/v2\/pages\/529\/revisions\/15549"}],"wp:featuredmedia":[{"embeddable":true,"href":"https:\/\/militaerverlag.de\/index.php?rest_route=\/wp\/v2\/media\/15141"}],"wp:attachment":[{"href":"https:\/\/militaerverlag.de\/index.php?rest_route=%2Fwp%2Fv2%2Fmedia&parent=529"}],"curies":[{"name":"wp","href":"https:\/\/api.w.org\/{rel}","templated":true}]}}