{"id":11267,"date":"2016-06-13T08:36:18","date_gmt":"2016-06-13T08:36:18","guid":{"rendered":"http:\/\/eco-press.cmsmasters.net\/?page_id=11258"},"modified":"2025-10-15T23:24:46","modified_gmt":"2025-10-15T21:24:46","slug":"news","status":"publish","type":"page","link":"https:\/\/militaerverlag.de\/?page_id=11267","title":{"rendered":"Aktuelles"},"content":{"rendered":"<div id=\"cmsmasters_row_5636963f7d\" class=\"cmsmasters_row cmsmasters_color_scheme_default cmsmasters_row_top_default cmsmasters_row_bot_default cmsmasters_row_boxed\">\n<div class=\"cmsmasters_row_outer_parent\">\n<div class=\"cmsmasters_row_outer\">\n<div class=\"cmsmasters_row_inner\">\n<div class=\"cmsmasters_row_margin\">\n<div id=\"cmsmasters_column_\" class=\"cmsmasters_column one_first\">\n<div class=\"cmsmasters_column_inner\"><div id=\"blog_e65cc8c06b\" class=\"cmsmasters_wrap_blog entry-summary\" data-layout=\"standard\" data-layout-mode=\"\" data-url=\"https:\/\/militaerverlag.de\/wp-content\/plugins\/cmsmasters-content-composer\/\" data-orderby=\"date\" data-order=\"DESC\" data-count=\"6\" data-categories=\"advice,children,exhibition,facts,new-releases,news,places,romantic,uncategorized\" data-metadata=\"date,categories\" data-pagination=\"more\"><div class=\"blog standard\"><!-- Start Post Default Article -->\r\n<article id=\"post-15368\" class=\"cmsmasters_post_default post-15368 post type-post status-publish format-standard hentry category-news tag-deutschermilitarverlag tag-digitalisierung tag-frieden tag-verlagsnews tag-websiterelaunch\">\r\n\t<div class=\"cmsmasters_post_cont\">\r\n\t\t<div class=\"wrap_top_post\">\r\n\t\t\t\t\t<\/div>\r\n\r\n\t\t<div class=\"cmsmasters_data_wrap\"><span class=\"cmsmasters_post_date\"><abbr class=\"published\" title=\"15. Oktober 2025\"><span class=\"cmsmasters_post_date_day\">15<\/span><span class=\"cmsmasters_post_date_month_and_year\">10\/2025<\/span><\/abbr><abbr class=\"dn date updated\" title=\"1. M\u00e4rz 2026\">1. M\u00e4rz 2026<\/abbr><\/span><\/div><div class=\"cmsmasters_post_cont_wrap\"><div class=\"cmsmasters_post_cont_info_wrap clearfix\"><div class=\"cmsmasters_post_cont_info entry-meta\"><span class=\"cmsmasters_post_category\">Im <a href=\"https:\/\/militaerverlag.de\/?cat=20\" class=\"cmsmasters_cat_color cmsmasters_cat_20\" rel=\"category tag\">News<\/a><\/span><\/div><\/div><header class=\"cmsmasters_post_header entry-header\"><h3 class=\"cmsmasters_post_title entry-title\"><a href=\"https:\/\/militaerverlag.de\/?p=15368\">Neuer Start \u2013 neue Website<\/a><\/h3><\/header><div class=\"cmsmasters_post_content entry-content\">\n<p>Mit Freude pr\u00e4sentieren wir unsere neue Website des Deutschen Milit\u00e4rverlags. Nach der Reaktivierung des Verlags im Fr\u00fchjahr dieses Jahres gehen wir nun auch digital einen Schritt weiter: klarer Aufbau, aktuelle Informationen und direkter Zugang zu B\u00fcchern, Autorinnen und Autoren sowie aktuelle Informationen. Die neue Seite zeigt, wof\u00fcr der Verlag heute steht: Frieden, Antimilitarusmus und verantwortungsvoller Umgang mit der Geschichte. Leserinnen und Leser finden hier Einblicke in unser Programm, Hintergr\u00fcnde zu unseren Publikationen und Neuigkeiten aus dem Verlag. \ud83d\udc49 Zu unseren B\u00fcchern\ud83d\udc49 Mehr \u00fcber uns<\/p>\n<\/div>\n<\/div>\t<\/div>\r\n<\/article>\r\n<!-- Finish Post Default Article -->\r\n\r\n<!-- Start Post Default Article -->\r\n<article id=\"post-15380\" class=\"cmsmasters_post_default post-15380 post type-post status-publish format-standard hentry category-new-releases tag-ausgemustert tag-ddr tag-deutschermilitarverlag tag-frieden tag-klauspetergodde tag-nva tag-zeitgeschichte\">\r\n\t<div class=\"cmsmasters_post_cont\">\r\n\t\t<div class=\"wrap_top_post\">\r\n\t\t\t\t\t<\/div>\r\n\r\n\t\t<div class=\"cmsmasters_data_wrap\"><span class=\"cmsmasters_post_date\"><abbr class=\"published\" title=\"15. Juli 2025\"><span class=\"cmsmasters_post_date_day\">15<\/span><span class=\"cmsmasters_post_date_month_and_year\">07\/2025<\/span><\/abbr><abbr class=\"dn date updated\" title=\"1. M\u00e4rz 2026\">1. M\u00e4rz 2026<\/abbr><\/span><\/div><div class=\"cmsmasters_post_cont_wrap\"><div class=\"cmsmasters_post_cont_info_wrap clearfix\"><div class=\"cmsmasters_post_cont_info entry-meta\"><span class=\"cmsmasters_post_category\">Im <a href=\"https:\/\/militaerverlag.de\/?cat=174\" class=\"cmsmasters_cat_color cmsmasters_cat_174\" rel=\"category tag\">Neuerscheinungen<\/a><\/span><\/div><\/div><header class=\"cmsmasters_post_header entry-header\"><h3 class=\"cmsmasters_post_title entry-title\"><a href=\"https:\/\/militaerverlag.de\/?p=15380\">Ausgemustert \u2013 jetzt im Handel<\/a><\/h3><\/header><div class=\"cmsmasters_post_content entry-content\">\n<p>\u00bbAusgemustert\u00ab erz\u00e4hlt vom Leben ehemaliger Angeh\u00f6riger der Nationalen Volksarmee nach der Wiedervereinigung und dem damit verbundenen Verlust ihres Dienstverh\u00e4ltnisses. Herausgeber Klaus-Peter G\u00f6dde, selbst fr\u00fcherer Soldat, zeigt eindrucksvoll, wie unterschiedlich die Wege seiner Kameraden verliefen \u2013 zwischen Neubeginn, Anpassung und gesellschaftlicher Ausgrenzung. Ein bewegendes Zeitdokument \u00fcber Wandel, Identit\u00e4t und den Preis der Einheit. \ud83d\udcd8 Jetzt bestellen: Zum Shop<\/p>\n<\/div>\n<\/div>\t<\/div>\r\n<\/article>\r\n<!-- Finish Post Default Article -->\r\n\r\n<!-- Start Post Default Article -->\r\n<article id=\"post-15377\" class=\"cmsmasters_post_default post-15377 post type-post status-publish format-standard hentry category-new-releases tag-antikrieg tag-deutschermilitarverlag tag-europa tag-frieden tag-friedenmitrussland tag-joachimbonatz tag-politik tag-rainerrupp\">\r\n\t<div class=\"cmsmasters_post_cont\">\r\n\t\t<div class=\"wrap_top_post\">\r\n\t\t\t\t\t<\/div>\r\n\r\n\t\t<div class=\"cmsmasters_data_wrap\"><span class=\"cmsmasters_post_date\"><abbr class=\"published\" title=\"15. Mai 2025\"><span class=\"cmsmasters_post_date_day\">15<\/span><span class=\"cmsmasters_post_date_month_and_year\">05\/2025<\/span><\/abbr><abbr class=\"dn date updated\" title=\"1. M\u00e4rz 2026\">1. M\u00e4rz 2026<\/abbr><\/span><\/div><div class=\"cmsmasters_post_cont_wrap\"><div class=\"cmsmasters_post_cont_info_wrap clearfix\"><div class=\"cmsmasters_post_cont_info entry-meta\"><span class=\"cmsmasters_post_category\">Im <a href=\"https:\/\/militaerverlag.de\/?cat=174\" class=\"cmsmasters_cat_color cmsmasters_cat_174\" rel=\"category tag\">Neuerscheinungen<\/a><\/span><\/div><\/div><header class=\"cmsmasters_post_header entry-header\"><h3 class=\"cmsmasters_post_title entry-title\"><a href=\"https:\/\/militaerverlag.de\/?p=15377\">Frieden mit Russland \u2013 ab sofort lieferbar<\/a><\/h3><\/header><div class=\"cmsmasters_post_content entry-content\">\n<p>Zwei Jahre nach der Konferenz \u00bbDialog statt Waffen\u00ab lud das Ostdeutsche Kuratorium von Verb\u00e4nden e. V. (OKV) erneut zu einer Tagung: Am Vorabend des 80. Jahrestages der Befreiung Europas vom Hitlerfaschismus diskutierten zwei Dutzend Wissenschaftler, Milit\u00e4rs, Schriftsteller, Friedensaktivisten und Friedensforscher \u00fcber die wachsende Gefahr eines globalen Krieges. \u00bbFrieden mit Russland\u00ab ist der Tagungsband zu dieser Konferenz, herausgegeben von Joachim Bonatz und Rainer Rupp, mit Beitr\u00e4gen von Hans Bauer, Gerald B\u00f6hm, Tilo Gr\u00e4ser, Manfred Gr\u00e4tz, Christa Luft, Peter Michel, Theodore A. Postol, Doris Pumphrey, Rainer Rupp, Lawrence Wilkerson und vielen anderen sowie einer Erkl\u00e4rung der Konferenzteilnehmer zum 80. Jahrestag der Befreiung....<\/p>\n<\/div>\n<\/div>\t<\/div>\r\n<\/article>\r\n<!-- Finish Post Default Article -->\r\n\r\n<!-- Start Post Default Article -->\r\n<article id=\"post-15374\" class=\"cmsmasters_post_default post-15374 post type-post status-publish format-standard hentry category-new-releases tag-antikrieg tag-bernardbachelard tag-frieden tag-neuerscheinung tag-noegraff tag-olivierparriaux tag-vietconginparis\">\r\n\t<div class=\"cmsmasters_post_cont\">\r\n\t\t<div class=\"wrap_top_post\">\r\n\t\t\t\t\t<\/div>\r\n\r\n\t\t<div class=\"cmsmasters_data_wrap\"><span class=\"cmsmasters_post_date\"><abbr class=\"published\" title=\"1. Mai 2025\"><span class=\"cmsmasters_post_date_day\">01<\/span><span class=\"cmsmasters_post_date_month_and_year\">05\/2025<\/span><\/abbr><abbr class=\"dn date updated\" title=\"1. M\u00e4rz 2026\">1. M\u00e4rz 2026<\/abbr><\/span><\/div><div class=\"cmsmasters_post_cont_wrap\"><div class=\"cmsmasters_post_cont_info_wrap clearfix\"><div class=\"cmsmasters_post_cont_info entry-meta\"><span class=\"cmsmasters_post_category\">Im <a href=\"https:\/\/militaerverlag.de\/?cat=174\" class=\"cmsmasters_cat_color cmsmasters_cat_174\" rel=\"category tag\">Neuerscheinungen<\/a><\/span><\/div><\/div><header class=\"cmsmasters_post_header entry-header\"><h3 class=\"cmsmasters_post_title entry-title\"><a href=\"https:\/\/militaerverlag.de\/?p=15374\">Vietcong in Paris \u2013 jetzt erh\u00e4ltlich<\/a><\/h3><\/header><div class=\"cmsmasters_post_content entry-content\">\n<p>Zum 50. Jahrestag des Kriegsendes in Vietnam am 30. April: \u00bbVietcong in Paris\u00ab Als Internationalisten wollten sie ein Zeichen setzen! Sie protestierten gegen die USA und deren Vietnamkrieg und bekundeten ihre Solidarit\u00e4t mit dem vietnamesischen Volk, als Bernard Bachelard, No\u00e9 Graff und Olivier Parriaux 1969 auf der Kathedrale Notre-Dame in Paris die Flagge der s\u00fcdvietnamesischen Befreiungsfront hissten. Die Bilder gingen damals um die Welt, ohne dass diese erfuhr, wer dort auf Frankreichs ber\u00fchmtester Kirche das rotblaue Banner mit dem gelben Stern angebracht hatte. Und vor allem: wie? Nun verraten es die drei. Das Buch \u00bbVietcong in Paris\u00ab ist ab sofort...<\/p>\n<\/div>\n<\/div>\t<\/div>\r\n<\/article>\r\n<!-- Finish Post Default Article -->\r\n\r\n<!-- Start Post Default Article -->\r\n<article id=\"post-15372\" class=\"cmsmasters_post_default post-15372 post type-post status-publish format-standard hentry category-facts tag-antikrieg tag-berlin tag-frieden tag-neustart2025 tag-publikationen tag-verlagsgeschichte\">\r\n\t<div class=\"cmsmasters_post_cont\">\r\n\t\t<div class=\"wrap_top_post\">\r\n\t\t\t\t\t<\/div>\r\n\r\n\t\t<div class=\"cmsmasters_data_wrap\"><span class=\"cmsmasters_post_date\"><abbr class=\"published\" title=\"4. M\u00e4rz 2025\"><span class=\"cmsmasters_post_date_day\">04<\/span><span class=\"cmsmasters_post_date_month_and_year\">03\/2025<\/span><\/abbr><abbr class=\"dn date updated\" title=\"1. M\u00e4rz 2026\">1. M\u00e4rz 2026<\/abbr><\/span><\/div><div class=\"cmsmasters_post_cont_wrap\"><div class=\"cmsmasters_post_cont_info_wrap clearfix\"><div class=\"cmsmasters_post_cont_info entry-meta\"><span class=\"cmsmasters_sticky cmsmasters-icon-attach-3\">Featured Post<\/span><span class=\"cmsmasters_post_category\">Im <a href=\"https:\/\/militaerverlag.de\/?cat=19\" class=\"cmsmasters_cat_color cmsmasters_cat_19\" rel=\"category tag\">Facts<\/a><\/span><\/div><\/div><header class=\"cmsmasters_post_header entry-header\"><h3 class=\"cmsmasters_post_title entry-title\"><a href=\"https:\/\/militaerverlag.de\/?p=15372\">Deutscher Milit\u00e4rverlag \u2013 der Antikriegsverlag<\/a><\/h3><\/header><div class=\"cmsmasters_post_content entry-content\">\n<p>Geboren Mitte der f\u00fcnfziger Jahre, in der Hochzeit des Kalten Krieges. Aufgewachsen und vollj\u00e4hrig geworden in der Phase der Entspannungspolitik. Zu Grabe getragen mit dem Ende der deutschen Zweistaatlichkeit. Der Kadaver, zum Widerspruch nicht mehr f\u00e4hig, wurde wiederholt verh\u00f6kert. 2010 kehrte der Verlag \u2013 kaum noch als solcher zu erkennen \u2013 an seine Geburtsst\u00e4tte Berlin zur\u00fcck. Nun, 2025, wird er reaktiviert, da das Kriegsgeschrei den Ruf nach Frieden zu \u00fcbert\u00f6nen droht und Stimmen n\u00f6tig werden, die nicht kriegst\u00fcchtig, sondern friedensf\u00e4hig machen. So steht der Verlag als unabh\u00e4ngiges Unternehmen nun wieder ganz auf eigenen Beinen. Er setzt seine Kraft und sein...<\/p>\n<\/div>\n<\/div>\t<\/div>\r\n<\/article>\r\n<!-- Finish Post Default Article -->\r\n\r\n<\/div><div class=\"cmsmasters_wrap_more_posts cmsmasters_wrap_more_items\"><\/div><\/div>\n<\/div><\/div>\n<\/div>\n<\/div>\n<\/div>\n<\/div>\n<\/div>\n\n","protected":false},"excerpt":{"rendered":"","protected":false},"author":1,"featured_media":0,"parent":0,"menu_order":0,"comment_status":"closed","ping_status":"closed","template":"","meta":{"footnotes":""},"class_list":["post-11267","page","type-page","status-publish","hentry"],"_links":{"self":[{"href":"https:\/\/militaerverlag.de\/index.php?rest_route=\/wp\/v2\/pages\/11267","targetHints":{"allow":["GET"]}}],"collection":[{"href":"https:\/\/militaerverlag.de\/index.php?rest_route=\/wp\/v2\/pages"}],"about":[{"href":"https:\/\/militaerverlag.de\/index.php?rest_route=\/wp\/v2\/types\/page"}],"author":[{"embeddable":true,"href":"https:\/\/militaerverlag.de\/index.php?rest_route=\/wp\/v2\/users\/1"}],"replies":[{"embeddable":true,"href":"https:\/\/militaerverlag.de\/index.php?rest_route=%2Fwp%2Fv2%2Fcomments&post=11267"}],"version-history":[{"count":5,"href":"https:\/\/militaerverlag.de\/index.php?rest_route=\/wp\/v2\/pages\/11267\/revisions"}],"predecessor-version":[{"id":15421,"href":"https:\/\/militaerverlag.de\/index.php?rest_route=\/wp\/v2\/pages\/11267\/revisions\/15421"}],"wp:attachment":[{"href":"https:\/\/militaerverlag.de\/index.php?rest_route=%2Fwp%2Fv2%2Fmedia&parent=11267"}],"curies":[{"name":"wp","href":"https:\/\/api.w.org\/{rel}","templated":true}]}}